{"id":4442,"date":"2020-03-16T08:11:52","date_gmt":"2020-03-16T07:11:52","guid":{"rendered":"https:\/\/asvanara.academy\/08-cbd\/"},"modified":"2021-02-19T13:39:34","modified_gmt":"2021-02-19T12:39:34","slug":"olio-cbd","status":"publish","type":"page","link":"https:\/\/asvanara.academy\/it\/olio-cbd\/","title":{"rendered":"08-CBD"},"content":{"rendered":"<p>AsvaNara<br \/>\n\t\t\tGocce CBD\t\t<\/p>\n<h2>Canapa CBD AsvaNara<\/h2>\n<h2>Estratto di Fiore Canapa Sativa per Te e il tuo Cavallo<\/h2>\n<p>\t\t\t\t\t\t\t\t\t\t<img loading=\"lazy\" decoding=\"async\" width=\"800\" height=\"800\" src=\"https:\/\/dev.asvanara.academy\/wp-content\/uploads\/2021\/02\/GreenGold_Flaschendummy_4x.jpg\" alt=\"\" loading=\"lazy\" srcset=\"https:\/\/dev.asvanara.academy\/wp-content\/uploads\/2021\/02\/GreenGold_Flaschendummy_4x.jpg 800w, https:\/\/dev.asvanara.academy\/wp-content\/uploads\/2021\/02\/GreenGold_Flaschendummy_4x-300x300.jpg 300w, https:\/\/dev.asvanara.academy\/wp-content\/uploads\/2021\/02\/GreenGold_Flaschendummy_4x-150x150.jpg 150w, https:\/\/dev.asvanara.academy\/wp-content\/uploads\/2021\/02\/GreenGold_Flaschendummy_4x-768x768.jpg 768w\" sizes=\"auto, (max-width: 800px) 100vw, 800px\" \/><br \/>\n\t\t<div style=\"width: 640px;\" class=\"wp-video\"><video class=\"wp-video-shortcode\" id=\"video-4442-1\" width=\"640\" height=\"360\" preload=\"metadata\" controls=\"controls\"><source type=\"video\/mp4\" src=\"https:\/\/asvanara-deu.s3-eu-central-1.amazonaws.com\/Green-Gold-CBD-Demo-compr.mp4?_=1\" \/><a href=\"https:\/\/asvanara-deu.s3-eu-central-1.amazonaws.com\/Green-Gold-CBD-Demo-compr.mp4\">https:\/\/asvanara-deu.s3-eu-central-1.amazonaws.com\/Green-Gold-CBD-Demo-compr.mp4<\/a><\/video><\/div>\t\t<\/p>\n<h6>Da due anni coltiviamo la Cannabis Sativa ad AsvaNara ed estraiamo il CBD dai fiori di canapa.\u00a0<\/h6>\n<h2>Che cos&#8217;\u00e8 il CBD?<\/h2>\n<p>\t\t\t\t\t\t\t\t\t\t<img loading=\"lazy\" decoding=\"async\" width=\"1000\" height=\"666\" src=\"https:\/\/dev.asvanara.academy\/wp-content\/uploads\/2020\/02\/CBD-11.jpg\" alt=\"\" loading=\"lazy\" srcset=\"https:\/\/dev.asvanara.academy\/wp-content\/uploads\/2020\/02\/CBD-11.jpg 1000w, https:\/\/dev.asvanara.academy\/wp-content\/uploads\/2020\/02\/CBD-11-300x200.jpg 300w, https:\/\/dev.asvanara.academy\/wp-content\/uploads\/2020\/02\/CBD-11-768x511.jpg 768w, https:\/\/dev.asvanara.academy\/wp-content\/uploads\/2020\/02\/CBD-11-600x400.jpg 600w\" sizes=\"auto, (max-width: 1000px) 100vw, 1000px\" \/>\t\t\t\t\t\t\t\t\t\t\t<\/p>\n<p>CBD \u00e8 l\u2019abbreviazione di Cannabidiol ed \u00e8 un principio attivo presente nei fiori della pianta femminile di canapa Cannabis Sativa. La cannabis contiene molti principi attivi diversi, di cui il THC e il CBD sono i pi\u00f9 noti.<\/p>\n<p>A differenza del THC, il CBD non \u00e8 psicoattivo e ha effetti molto positivi sulla nostra salute. Il sistema endocannabinoide del corpo si rivolge ai recettori del sistema nervoso, permettendo al CBD di agire in tutto il corpo e nel organismo umano.<\/p>\n<h2>Che effetto ha il CBD sul nostro corpo?<\/h2>\n<p>\t\t\t\t\t\t\t\t\t\t<img loading=\"lazy\" decoding=\"async\" width=\"1000\" height=\"666\" src=\"https:\/\/dev.asvanara.academy\/wp-content\/uploads\/2020\/02\/CBD-09.jpg\" alt=\"\" loading=\"lazy\" srcset=\"https:\/\/dev.asvanara.academy\/wp-content\/uploads\/2020\/02\/CBD-09.jpg 1000w, https:\/\/dev.asvanara.academy\/wp-content\/uploads\/2020\/02\/CBD-09-300x200.jpg 300w, https:\/\/dev.asvanara.academy\/wp-content\/uploads\/2020\/02\/CBD-09-768x511.jpg 768w, https:\/\/dev.asvanara.academy\/wp-content\/uploads\/2020\/02\/CBD-09-600x400.jpg 600w\" sizes=\"auto, (max-width: 1000px) 100vw, 1000px\" \/>\t\t\t\t\t\t\t\t\t\t\t<\/p>\n<p>Il CBD ha un effetto regolatore, anabolizzante, di supporto e di restauro. Secondo gli studi, il CBD pu\u00f2 riequilibrare lo squilibrio nel corpo e alleviare con successo il disagio. Ha un effetto antinfiammatorio e analgesico e ha la capacit\u00e0 di alleviare l\u2019ansia e la calma.<\/p>\n<p>Il CBD aiuta con lo stress, promuove il sonno, pu\u00f2 alleggerire l\u2019umore in depressione e disturbi di stomaco, pu\u00f2 avere un effetto positivo sul diabete di tipo 2, ha un effetto positivo sulla pressione sanguigna, allevia la tachicardia, rilassa il corpo, \u00e8 utile in nausea e vomito, pu\u00f2 aiutare con l\u2019acne e molto altro ancora.<\/p>\n<h2>Gocce di CBD per animali<\/h2>\n<p>\t\t\t\t\t\t\t\t\t\t<img loading=\"lazy\" decoding=\"async\" width=\"720\" height=\"750\" src=\"https:\/\/dev.asvanara.academy\/wp-content\/uploads\/2020\/02\/CBD-06.jpg\" alt=\"\" loading=\"lazy\" srcset=\"https:\/\/dev.asvanara.academy\/wp-content\/uploads\/2020\/02\/CBD-06.jpg 720w, https:\/\/dev.asvanara.academy\/wp-content\/uploads\/2020\/02\/CBD-06-288x300.jpg 288w, https:\/\/dev.asvanara.academy\/wp-content\/uploads\/2020\/02\/CBD-06-600x625.jpg 600w\" sizes=\"auto, (max-width: 720px) 100vw, 720px\" \/>\t\t\t\t\t\t\t\t\t\t\t<\/p>\n<p>Gli animali hanno anche un sistema endocannabinoide e l\u2019uso di gocce di CBD pu\u00f2 avere molti effetti positivi sul benessere dei nostri amici a quattro zampe. Nei momenti di ansia o di stress, il CBD pu\u00f2 fornire pi\u00f9 calma ed equilibrio.<\/p>\n<p>Il CBD sostiene attivamente il corpo in tutte le funzioni, l\u2019animale diventa pi\u00f9 calmo e rilassato, il livello di stress \u00e8 ridotto, il dolore \u00e8 alleviato, il sistema immunitario \u00e8 sostenuto, le funzioni neurologiche sono migliorate e molto altro ancora.<\/p>\n<p>Gli animali diventano pi\u00f9 equilibrati e pi\u00f9 felici con il CBD. L\u2019applicazione \u00e8 come noi esseri umani attraverso poche gocce sotto la lingua e l\u2019effetto \u00e8 per lo pi\u00f9 immediato. Per il dosaggio si consiglia un approccio lento fino all\u2019ottenimento dei risultati desiderati.<\/p>\n<h2>GreenGold Gocce CBD<\/h2>\n<p>\t\t\t\t\t\t\t\t\t\t<img loading=\"lazy\" decoding=\"async\" width=\"800\" height=\"800\" src=\"https:\/\/dev.asvanara.academy\/wp-content\/uploads\/2021\/02\/GreenGold_Flaschendummy_2x_Hanf.jpg\" alt=\"\" loading=\"lazy\" srcset=\"https:\/\/dev.asvanara.academy\/wp-content\/uploads\/2021\/02\/GreenGold_Flaschendummy_2x_Hanf.jpg 800w, https:\/\/dev.asvanara.academy\/wp-content\/uploads\/2021\/02\/GreenGold_Flaschendummy_2x_Hanf-300x300.jpg 300w, https:\/\/dev.asvanara.academy\/wp-content\/uploads\/2021\/02\/GreenGold_Flaschendummy_2x_Hanf-150x150.jpg 150w, https:\/\/dev.asvanara.academy\/wp-content\/uploads\/2021\/02\/GreenGold_Flaschendummy_2x_Hanf-768x768.jpg 768w\" sizes=\"auto, (max-width: 800px) 100vw, 800px\" \/><br \/>\n\t\t\t\t\t\t\t\t\t\t<img loading=\"lazy\" decoding=\"async\" width=\"100\" height=\"100\" src=\"https:\/\/dev.asvanara.academy\/wp-content\/uploads\/2020\/02\/Logo-Bio.png\" alt=\"\" loading=\"lazy\" \/>\t\t\t\t\t\t\t\t\t\t\t<\/p>\n<p>Le gocce di CBD sono ottenute dalle nostre piante autoctone di Cannabis Sativa, il cui contenuto naturale di THC \u00e8 ben al di sotto dello 0,2% prescritto dalla legge. \u00c8 quindi escluso qualsiasi effetto inebriante dovuto al consumo previsto del prodotto.<\/p>\n<p>Una bottiglia contiene 10 ml e produce circa 200 gocce. La dose giornaliera raccomandata corrisponde a 50 mg di CBD, una goccia contiene da 2,5 mg a 15 mg di CBD a seconda della concentrazione percentuale. Si consiglia di iniziare con un piccolo dosaggio e di aumentare il numero di gocce fino a raggiungere l\u2019effetto desiderato. Le gocce sono destinate all\u2019uso sublinguale, per ottenere i migliori risultati tenere le gocce sotto la lingua per un minuto.<\/p>\n<p>\t\t\t<a href=\"https:\/\/green-gold-cbd.com\/it\/\" target=\"_blank\" role=\"button\" rel=\"noopener\"><br \/>\n\t\t\t\t\t\tpi\u00f9 info<br \/>\n\t\t\t\t\t<\/a><\/p>\n<p>Se continui a fare quello che hai sempre fatto, continuerai a ottenere gli stessi risultati.<\/p>\n<p>\t\t\t\t\t\t\t\t<cite>A volte \u00e8 il momento di pensare e agire in modo diverso<\/cite><\/p>\n","protected":false},"excerpt":{"rendered":"<p>AsvaNara Gocce CBD Canapa CBD AsvaNara Estratto di Fiore Canapa Sativa per Te e il tuo Cavallo https:\/\/asvanara-deu.s3-eu-central-1.amazonaws.com\/Green-Gold-CBD-Demo-compr.mp4 Da due anni coltiviamo la Cannabis Sativa ad AsvaNara ed estraiamo il CBD dai fiori di canapa.\u00a0 Che cos&#8217;\u00e8 il CBD? CBD \u00e8 l\u2019abbreviazione di Cannabidiol ed \u00e8 un principio attivo presente nei fiori della pianta femminile [&hellip;]<\/p>\n","protected":false},"author":11,"featured_media":0,"parent":0,"menu_order":0,"comment_status":"closed","ping_status":"closed","template":"elementor_header_footer","meta":{"footnotes":""},"class_list":["post-4442","page","type-page","status-publish","hentry"],"yoast_head":"<!-- This site is optimized with the Yoast SEO plugin v27.5 - https:\/\/yoast.com\/product\/yoast-seo-wordpress\/ -->\n<title>Gocce CBD<\/title>\n<meta name=\"robots\" content=\"index, follow, max-snippet:-1, max-image-preview:large, max-video-preview:-1\" \/>\n<link rel=\"canonical\" href=\"https:\/\/asvanara.academy\/it\/olio-cbd\/\" \/>\n<meta property=\"og:locale\" content=\"it_IT\" \/>\n<meta property=\"og:type\" content=\"article\" \/>\n<meta property=\"og:title\" content=\"Gocce CBD\" \/>\n<meta property=\"og:description\" content=\"AsvaNara Gocce CBD Canapa CBD AsvaNara Estratto di Fiore Canapa Sativa per Te e il tuo Cavallo https:\/\/asvanara-deu.s3-eu-central-1.amazonaws.com\/Green-Gold-CBD-Demo-compr.mp4 Da due anni coltiviamo la Cannabis Sativa ad AsvaNara ed estraiamo il CBD dai fiori di canapa.\u00a0 Che cos&#8217;\u00e8 il CBD? CBD \u00e8 l\u2019abbreviazione di Cannabidiol ed \u00e8 un principio attivo presente nei fiori della pianta femminile [&hellip;]\" \/>\n<meta property=\"og:url\" content=\"https:\/\/asvanara.academy\/it\/olio-cbd\/\" \/>\n<meta property=\"og:site_name\" content=\"AsvaNara\" \/>\n<meta property=\"article:modified_time\" content=\"2021-02-19T12:39:34+00:00\" \/>\n<meta property=\"og:image\" content=\"https:\/\/dev.asvanara.academy\/wp-content\/uploads\/2021\/02\/GreenGold_Flaschendummy_4x.jpg\" \/>\n<meta name=\"twitter:card\" content=\"summary_large_image\" \/>\n<meta name=\"twitter:label1\" content=\"Tempo di lettura stimato\" \/>\n\t<meta name=\"twitter:data1\" content=\"3 minuti\" \/>\n<script type=\"application\/ld+json\" class=\"yoast-schema-graph\">{\"@context\":\"https:\\\/\\\/schema.org\",\"@graph\":[{\"@type\":\"WebPage\",\"@id\":\"https:\\\/\\\/asvanara.academy\\\/it\\\/olio-cbd\\\/\",\"url\":\"https:\\\/\\\/asvanara.academy\\\/it\\\/olio-cbd\\\/\",\"name\":\"Gocce CBD\",\"isPartOf\":{\"@id\":\"https:\\\/\\\/asvanara.academy\\\/it\\\/#website\"},\"primaryImageOfPage\":{\"@id\":\"https:\\\/\\\/asvanara.academy\\\/it\\\/olio-cbd\\\/#primaryimage\"},\"image\":{\"@id\":\"https:\\\/\\\/asvanara.academy\\\/it\\\/olio-cbd\\\/#primaryimage\"},\"thumbnailUrl\":\"https:\\\/\\\/dev.asvanara.academy\\\/wp-content\\\/uploads\\\/2021\\\/02\\\/GreenGold_Flaschendummy_4x.jpg\",\"datePublished\":\"2020-03-16T07:11:52+00:00\",\"dateModified\":\"2021-02-19T12:39:34+00:00\",\"breadcrumb\":{\"@id\":\"https:\\\/\\\/asvanara.academy\\\/it\\\/olio-cbd\\\/#breadcrumb\"},\"inLanguage\":\"it-IT\",\"potentialAction\":[{\"@type\":\"ReadAction\",\"target\":[\"https:\\\/\\\/asvanara.academy\\\/it\\\/olio-cbd\\\/\"]}]},{\"@type\":\"ImageObject\",\"inLanguage\":\"it-IT\",\"@id\":\"https:\\\/\\\/asvanara.academy\\\/it\\\/olio-cbd\\\/#primaryimage\",\"url\":\"https:\\\/\\\/dev.asvanara.academy\\\/wp-content\\\/uploads\\\/2021\\\/02\\\/GreenGold_Flaschendummy_4x.jpg\",\"contentUrl\":\"https:\\\/\\\/dev.asvanara.academy\\\/wp-content\\\/uploads\\\/2021\\\/02\\\/GreenGold_Flaschendummy_4x.jpg\"},{\"@type\":\"BreadcrumbList\",\"@id\":\"https:\\\/\\\/asvanara.academy\\\/it\\\/olio-cbd\\\/#breadcrumb\",\"itemListElement\":[{\"@type\":\"ListItem\",\"position\":1,\"name\":\"Startseite\",\"item\":\"https:\\\/\\\/asvanara.academy\\\/it\\\/\"},{\"@type\":\"ListItem\",\"position\":2,\"name\":\"08-CBD\"}]},{\"@type\":\"WebSite\",\"@id\":\"https:\\\/\\\/asvanara.academy\\\/it\\\/#website\",\"url\":\"https:\\\/\\\/asvanara.academy\\\/it\\\/\",\"name\":\"AsvaNara\",\"description\":\"PferdeMensch\",\"publisher\":{\"@id\":\"https:\\\/\\\/asvanara.academy\\\/it\\\/#organization\"},\"potentialAction\":[{\"@type\":\"SearchAction\",\"target\":{\"@type\":\"EntryPoint\",\"urlTemplate\":\"https:\\\/\\\/asvanara.academy\\\/it\\\/?s={search_term_string}\"},\"query-input\":{\"@type\":\"PropertyValueSpecification\",\"valueRequired\":true,\"valueName\":\"search_term_string\"}}],\"inLanguage\":\"it-IT\"},{\"@type\":\"Organization\",\"@id\":\"https:\\\/\\\/asvanara.academy\\\/it\\\/#organization\",\"name\":\"AsvaNara\",\"url\":\"https:\\\/\\\/asvanara.academy\\\/it\\\/\",\"logo\":{\"@type\":\"ImageObject\",\"inLanguage\":\"it-IT\",\"@id\":\"https:\\\/\\\/asvanara.academy\\\/it\\\/#\\\/schema\\\/logo\\\/image\\\/\",\"url\":\"https:\\\/\\\/asvanara.academy\\\/wp-content\\\/uploads\\\/2018\\\/07\\\/cropped-Logo-quer_Asvanara_white.png\",\"contentUrl\":\"https:\\\/\\\/asvanara.academy\\\/wp-content\\\/uploads\\\/2018\\\/07\\\/cropped-Logo-quer_Asvanara_white.png\",\"width\":750,\"height\":162,\"caption\":\"AsvaNara\"},\"image\":{\"@id\":\"https:\\\/\\\/asvanara.academy\\\/it\\\/#\\\/schema\\\/logo\\\/image\\\/\"}}]}<\/script>\n<!-- \/ Yoast SEO plugin. -->","yoast_head_json":{"title":"Gocce CBD","robots":{"index":"index","follow":"follow","max-snippet":"max-snippet:-1","max-image-preview":"max-image-preview:large","max-video-preview":"max-video-preview:-1"},"canonical":"https:\/\/asvanara.academy\/it\/olio-cbd\/","og_locale":"it_IT","og_type":"article","og_title":"Gocce CBD","og_description":"AsvaNara Gocce CBD Canapa CBD AsvaNara Estratto di Fiore Canapa Sativa per Te e il tuo Cavallo https:\/\/asvanara-deu.s3-eu-central-1.amazonaws.com\/Green-Gold-CBD-Demo-compr.mp4 Da due anni coltiviamo la Cannabis Sativa ad AsvaNara ed estraiamo il CBD dai fiori di canapa.\u00a0 Che cos&#8217;\u00e8 il CBD? CBD \u00e8 l\u2019abbreviazione di Cannabidiol ed \u00e8 un principio attivo presente nei fiori della pianta femminile [&hellip;]","og_url":"https:\/\/asvanara.academy\/it\/olio-cbd\/","og_site_name":"AsvaNara","article_modified_time":"2021-02-19T12:39:34+00:00","og_image":[{"url":"https:\/\/dev.asvanara.academy\/wp-content\/uploads\/2021\/02\/GreenGold_Flaschendummy_4x.jpg","type":"","width":"","height":""}],"twitter_card":"summary_large_image","twitter_misc":{"Tempo di lettura stimato":"3 minuti"},"schema":{"@context":"https:\/\/schema.org","@graph":[{"@type":"WebPage","@id":"https:\/\/asvanara.academy\/it\/olio-cbd\/","url":"https:\/\/asvanara.academy\/it\/olio-cbd\/","name":"Gocce CBD","isPartOf":{"@id":"https:\/\/asvanara.academy\/it\/#website"},"primaryImageOfPage":{"@id":"https:\/\/asvanara.academy\/it\/olio-cbd\/#primaryimage"},"image":{"@id":"https:\/\/asvanara.academy\/it\/olio-cbd\/#primaryimage"},"thumbnailUrl":"https:\/\/dev.asvanara.academy\/wp-content\/uploads\/2021\/02\/GreenGold_Flaschendummy_4x.jpg","datePublished":"2020-03-16T07:11:52+00:00","dateModified":"2021-02-19T12:39:34+00:00","breadcrumb":{"@id":"https:\/\/asvanara.academy\/it\/olio-cbd\/#breadcrumb"},"inLanguage":"it-IT","potentialAction":[{"@type":"ReadAction","target":["https:\/\/asvanara.academy\/it\/olio-cbd\/"]}]},{"@type":"ImageObject","inLanguage":"it-IT","@id":"https:\/\/asvanara.academy\/it\/olio-cbd\/#primaryimage","url":"https:\/\/dev.asvanara.academy\/wp-content\/uploads\/2021\/02\/GreenGold_Flaschendummy_4x.jpg","contentUrl":"https:\/\/dev.asvanara.academy\/wp-content\/uploads\/2021\/02\/GreenGold_Flaschendummy_4x.jpg"},{"@type":"BreadcrumbList","@id":"https:\/\/asvanara.academy\/it\/olio-cbd\/#breadcrumb","itemListElement":[{"@type":"ListItem","position":1,"name":"Startseite","item":"https:\/\/asvanara.academy\/it\/"},{"@type":"ListItem","position":2,"name":"08-CBD"}]},{"@type":"WebSite","@id":"https:\/\/asvanara.academy\/it\/#website","url":"https:\/\/asvanara.academy\/it\/","name":"AsvaNara","description":"PferdeMensch","publisher":{"@id":"https:\/\/asvanara.academy\/it\/#organization"},"potentialAction":[{"@type":"SearchAction","target":{"@type":"EntryPoint","urlTemplate":"https:\/\/asvanara.academy\/it\/?s={search_term_string}"},"query-input":{"@type":"PropertyValueSpecification","valueRequired":true,"valueName":"search_term_string"}}],"inLanguage":"it-IT"},{"@type":"Organization","@id":"https:\/\/asvanara.academy\/it\/#organization","name":"AsvaNara","url":"https:\/\/asvanara.academy\/it\/","logo":{"@type":"ImageObject","inLanguage":"it-IT","@id":"https:\/\/asvanara.academy\/it\/#\/schema\/logo\/image\/","url":"https:\/\/asvanara.academy\/wp-content\/uploads\/2018\/07\/cropped-Logo-quer_Asvanara_white.png","contentUrl":"https:\/\/asvanara.academy\/wp-content\/uploads\/2018\/07\/cropped-Logo-quer_Asvanara_white.png","width":750,"height":162,"caption":"AsvaNara"},"image":{"@id":"https:\/\/asvanara.academy\/it\/#\/schema\/logo\/image\/"}}]}},"_links":{"self":[{"href":"https:\/\/asvanara.academy\/it\/wp-json\/wp\/v2\/pages\/4442","targetHints":{"allow":["GET"]}}],"collection":[{"href":"https:\/\/asvanara.academy\/it\/wp-json\/wp\/v2\/pages"}],"about":[{"href":"https:\/\/asvanara.academy\/it\/wp-json\/wp\/v2\/types\/page"}],"author":[{"embeddable":true,"href":"https:\/\/asvanara.academy\/it\/wp-json\/wp\/v2\/users\/11"}],"replies":[{"embeddable":true,"href":"https:\/\/asvanara.academy\/it\/wp-json\/wp\/v2\/comments?post=4442"}],"version-history":[{"count":4,"href":"https:\/\/asvanara.academy\/it\/wp-json\/wp\/v2\/pages\/4442\/revisions"}],"predecessor-version":[{"id":5549,"href":"https:\/\/asvanara.academy\/it\/wp-json\/wp\/v2\/pages\/4442\/revisions\/5549"}],"wp:attachment":[{"href":"https:\/\/asvanara.academy\/it\/wp-json\/wp\/v2\/media?parent=4442"}],"curies":[{"name":"wp","href":"https:\/\/api.w.org\/{rel}","templated":true}]}}